{"id":78,"date":"2024-12-03T14:07:22","date_gmt":"2024-12-03T13:07:22","guid":{"rendered":"https:\/\/psychotherapeutin-ilse-fiedler.de\/?page_id=78"},"modified":"2024-12-07T13:07:29","modified_gmt":"2024-12-07T12:07:29","slug":"datenschutzerklaerung-2","status":"publish","type":"page","link":"https:\/\/psychotherapeutin-ilse-fiedler.de\/index.php\/datenschutzerklaerung-2\/","title":{"rendered":"Impressum"},"content":{"rendered":"\n<p>Ilse Fiedler, Kinder- und Jugendlichenpsychotherapeutin<br>Rheinstr. 43<br>42697 Solingen<br>Deutschland<br>E-Mail: fiedler.ilse@t-online.de<br>Tel.: 0212-2248820<\/p>\n\n\n\n<p>Inhaberin Ilse Fiedler<\/p>\n\n\n\n<p>Berufsbezeichnung<br>Kinder- und Jugendlichenpsychotherapeutin (verliehen in Deutschland)<\/p>\n\n\n\n<p>Zust\u00e4ndiger Berufsverband und Kammer f\u00fcr die T\u00e4tigkeit als Kinder \u2013 und Jugendlichen Psychotherapeut\/in<br>Vereinigung Analytischer Kinder \u2013 und Jugendlichenpsychotherapeuten in Deutschland e.V. (VAKJP)<br>Helmholtzstra\u00dfe 13\/14<br>10587 Berlin<br>Deutschland<br>E-Mail: Geschaeftsstelle@VAKJP.de<br>Tel.: (030) 39 88 14 14<br>Website: <a href=\"https:\/\/vakjp.de\/\" data-type=\"link\" data-id=\"https:\/\/vakjp.de\/\" target=\"_blank\" rel=\"noreferrer noopener\">https:\/\/vakjp.de\/<\/a><\/p>\n\n\n\n<p>Zust\u00e4ndige Aufsichtsbeh\u00f6rde f\u00fcr die T\u00e4tigkeit als Kinder \u2013 Jugendlichenpsychotherapeut\/in<br>Vereinigung Analytischer Kinder \u2013 und Jugendlichenpsychotherapeuten in Deutschland e.V. (VAKJP)<br>Helmholtzstra\u00dfe 13\/14<br>10587 Berlin<br>Deutschland<br>E-Mail: Geschaeftsstelle@VAKJP.de<br>Tel.: (030) 39 88 14 14<br>Website: <a href=\"https:\/\/vakjp.de\/\" data-type=\"link\" data-id=\"https:\/\/vakjp.de\/\" target=\"_blank\" rel=\"noreferrer noopener\">https:\/\/vakjp.de\/<\/a><\/p>\n\n\n\n<p>Berufsrechtliche Regelungen f\u00fcr die T\u00e4tigkeit als Kinder- und Jugendlichenpsychotherapeut\/in<br>Es gelten die nachstehend benannten berufsrechtlichen Regelungen f\u00fcr die T\u00e4tigkeit als Kinder- und Jugendlichenpsychotherapeut \/in in Deutschland:<\/p>\n\n\n\n<p>Gesetz \u00fcber die Berufe des Psychologischen Psychotherapeuten und des Kinder- und Jugendlichenpsychotherapeuten (Psychotherapeutengesetz \u2013 PsychThG) <\/p>\n\n\n\n<p>Ausbildungs- und Pr\u00fcfungsverordnung f\u00fcr Kinder- und Jugendlichenpsychotherapeuten<\/p>\n\n\n\n<p>Muster-Berufsordnung f\u00fcr die Psychologischen Psychotherapeutinnen und Psychotherapeuten und Kinder- und Jugendlichenpsychotherapeutinnen und Kinder- und Jugendlichenpsychotherapeuten der Bundestherapeutenkammer<\/p>\n\n\n\n<p>Musterfortbildungsordnung der Psychologischen Psychotherapeuten und Kinder- und Jugendlichenpsychotherapeuten der Bundespsychotherapeutenkammer \u2013 BPtK<\/p>\n\n\n\n<p>Richtlinie \u00fcber die Durchf\u00fchrung der Psychotherapie (Psychotherapie-Richtlinie) nach der Strukturreform<\/p>\n\n\n\n<p>Urheberrecht und Bildnachweise<br>Die Inhalte von psychotherapeutin-ilse-fiedler.de sind urheberrechtlich gesch\u00fctzt,<br>Verwendete Fotografien sind selbst angefertigt. Ihre Verwendung auf Drittseiten ist nur im Rahmen der jeweiligen Lizenz der Urheberin m\u00f6glich.<\/p>\n","protected":false},"excerpt":{"rendered":"<p>Ilse Fiedler, Kinder- und JugendlichenpsychotherapeutinRheinstr. 4342697 SolingenDeutschlandE-Mail: fiedler.ilse@t-online.deTel.: 0212-2248820 Inhaberin Ilse Fiedler BerufsbezeichnungKinder- und Jugendlichenpsychotherapeutin (verliehen in Deutschland) Zust\u00e4ndiger Berufsverband und Kammer f\u00fcr die T\u00e4tigkeit als Kinder \u2013 und Jugendlichen Psychotherapeut\/inVereinigung Analytischer Kinder \u2013 und Jugendlichenpsychotherapeuten in Deutschland e.V. (VAKJP)Helmholtzstra\u00dfe 13\/1410587 BerlinDeutschlandE-Mail: Geschaeftsstelle@VAKJP.deTel.: (030) 39 88 14 14Website: https:\/\/vakjp.de\/ Zust\u00e4ndige Aufsichtsbeh\u00f6rde f\u00fcr die T\u00e4tigkeit als &hellip; <\/p>\n<p class=\"link-more\"><a href=\"https:\/\/psychotherapeutin-ilse-fiedler.de\/index.php\/datenschutzerklaerung-2\/\" class=\"more-link\"><span class=\"screen-reader-text\">\u201eImpressum\u201c<\/span> weiterlesen<\/a><\/p>\n","protected":false},"author":1,"featured_media":0,"parent":0,"menu_order":0,"comment_status":"closed","ping_status":"closed","template":"","meta":{"footnotes":""},"class_list":["post-78","page","type-page","status-publish","hentry"],"_links":{"self":[{"href":"https:\/\/psychotherapeutin-ilse-fiedler.de\/index.php\/wp-json\/wp\/v2\/pages\/78","targetHints":{"allow":["GET"]}}],"collection":[{"href":"https:\/\/psychotherapeutin-ilse-fiedler.de\/index.php\/wp-json\/wp\/v2\/pages"}],"about":[{"href":"https:\/\/psychotherapeutin-ilse-fiedler.de\/index.php\/wp-json\/wp\/v2\/types\/page"}],"author":[{"embeddable":true,"href":"https:\/\/psychotherapeutin-ilse-fiedler.de\/index.php\/wp-json\/wp\/v2\/users\/1"}],"replies":[{"embeddable":true,"href":"https:\/\/psychotherapeutin-ilse-fiedler.de\/index.php\/wp-json\/wp\/v2\/comments?post=78"}],"version-history":[{"count":8,"href":"https:\/\/psychotherapeutin-ilse-fiedler.de\/index.php\/wp-json\/wp\/v2\/pages\/78\/revisions"}],"predecessor-version":[{"id":129,"href":"https:\/\/psychotherapeutin-ilse-fiedler.de\/index.php\/wp-json\/wp\/v2\/pages\/78\/revisions\/129"}],"wp:attachment":[{"href":"https:\/\/psychotherapeutin-ilse-fiedler.de\/index.php\/wp-json\/wp\/v2\/media?parent=78"}],"curies":[{"name":"wp","href":"https:\/\/api.w.org\/{rel}","templated":true}]}}