{"id":89,"date":"2024-12-03T14:55:01","date_gmt":"2024-12-03T13:55:01","guid":{"rendered":"https:\/\/psychotherapeutin-ilse-fiedler.de\/?page_id=89"},"modified":"2024-12-18T14:53:13","modified_gmt":"2024-12-18T13:53:13","slug":"datenschutzerklaerung-3","status":"publish","type":"page","link":"https:\/\/psychotherapeutin-ilse-fiedler.de\/index.php\/datenschutzerklaerung-3\/","title":{"rendered":"Datenschutzerkl\u00e4rung"},"content":{"rendered":"\n<p>Der Schutz Ihrer personenbezogenen Daten bzw. der Ihres Kindes ist mir wichtig.<br>Nach der EU-Datenschutz-Grundverordnung (DSGVO) vom 25.05.2018 bin ich verpflichtet, Sie dar\u00fcber zu informieren, zu welchem Zweck meine Praxis Daten erhebt, speichert oder weiterleitet. Der Information k\u00f6nnen Sie auch entnehmen, welche Rechte Sie in puncto Datenschutz haben.<\/p>\n\n\n\n<p>Zust\u00e4ndige Aufsichtsbeh\u00f6rde: Psychotherapeutenkammer NRW<br>Berufsbezeichnung: Kinder- und Jugendlichenpsychotherapeutin (Deutschland)<br>Berufsrechtliche Regelungen: Berufsordnung der Psychotherapeutenkammer NRW<\/p>\n\n\n\n<p><strong>Verantwortlich f\u00fcr die Datenverarbeitung<\/strong><\/p>\n\n\n\n<p>Praxis f\u00fcr Kinder-und Jugendlichenpsychotherapie Ilse Fiedler<br>Rheinstr. 43<br>42697 Solingen<br>E-Mail-Adresse: <a href=\"mailto:fiedler.ilse@t-online.de\">fiedler.ilse@t-online.de<\/a><br>Telefon: 0212 2248820<\/p>\n\n\n\n<p><strong>Zweck der Datenverarbeitung<\/strong><\/p>\n\n\n\n<p>Die Datenverarbeitung erfolgt aufgrund gesetzlicher Vorgaben, um den Behandlungsvertrag zwischen Ihnen, mir und den Kostentr\u00e4gern (Krankenkassen) und die damit verbundenen Pflichten zu erf\u00fcllen. <br>Hierzu verarbeite ich Ihre bzw. die personenbezogenen Daten Ihres Kindes. Dazu z\u00e4hlen:<\/p>\n\n\n\n<ul class=\"wp-block-list\">\n<li>Anrede, Vorname, Nachname,<\/li>\n\n\n\n<li>Geburtsdatum,<\/li>\n\n\n\n<li>Familienstand, Schule, Berufsausbildung<\/li>\n\n\n\n<li>Krankenversicherung; Krankenversicherungsnummer<\/li>\n\n\n\n<li>Anschrift<\/li>\n\n\n\n<li>Telefonnummer (Festnetz und\/oder Mobilfunk)<\/li>\n\n\n\n<li>E-Mail-Adresse<\/li>\n\n\n\n<li>verwandtschaftliche Beziehungen<\/li>\n<\/ul>\n\n\n\n<p>Des weiteren werden Gesundheitsdaten erhoben. Dazu z\u00e4hlen die Anamnese, Diagnosen, Therapievorschl\u00e4ge oder Befunde, die ich oder ggf. auch andere \u00c4rztInnen erheben. Zu diesen Zwecken k\u00f6nnen mir andere \u00c4rztInnen oder PsychotherapeutInnen, bei denen Sie bzw. Ihr Kind in Behandlung sind\/waren, Daten zur Verf\u00fcgung stellen (z.B. in Arztbriefen).<\/p>\n\n\n\n<p>Die Erhebung von Gesundheitsdaten ist Voraussetzung f\u00fcr die Behandlung. Werden die notwendigen Informationen nicht bereitgestellt, kann eine sorgf\u00e4ltige Behandlung nicht erfolgen.<\/p>\n\n\n\n<p><strong>Empf\u00e4nger Ihrer Daten<\/strong><\/p>\n\n\n\n<p>Ich \u00fcbermittele Ihre personenbezogenen Daten bzw. die Ihres Kindes nur dann an Dritte, wenn dies gesetzlich erlaubt ist oder Sie ausdr\u00fccklich eingewilligt haben.<\/p>\n\n\n\n<p>Empf\u00e4nger der personenbezogenen Daten k\u00f6nnen \u00c4rztInnen, PsychotherapeutInnen, Kassen\u00e4rztliche Vereinigungen (Abrechnung), Krankenkassen (Antr\u00e4ge), Medizinischer Dienst der Krankennkassen und privat\u00e4rztliche Verrechnungsstellen sein.<\/p>\n\n\n\n<p>Die \u00dcbermittlung erfolgt \u00fcberwiegend zum Zwecke der Bewilligung der Krankenkassen, der Abrechnung der bei Ihnen erbrachten Leistungen und zur Kl\u00e4rung von medizinischen und sich aus Ihrem Versicherungsverh\u00e4ltnis ergebenden Fragen. Im Einzelfall erfolgt die \u00dcbermittlung von Daten an weitere berechtigte Empf\u00e4nger. Dar\u00fcber informiere ich Sie.<\/p>\n\n\n\n<p><strong>Speicherung Ihrer Daten<\/strong><\/p>\n\n\n\n<p>Aufgrund rechtlicher Vorgaben bin ich dazu verpflichtet, diese Daten mindestens 10 Jahre nach Abschluss der Behandlung aufzubewahren.<\/p>\n\n\n\n<p><strong>Ihre Rechte<\/strong><\/p>\n\n\n\n<p>Sie haben das Recht, \u00fcber die Sie betreffenden personenbezogenen Daten Auskunft zu erhalten. Auch k\u00f6nnen Sie die Berichtigung unrichtiger Daten verlangen.<\/p>\n\n\n\n<p>Dar\u00fcber hinaus steht Ihnen unter bestimmten Voraussetzungen das Recht auf L\u00f6schung von Daten, das Recht auf Einschr\u00e4nkung der Datenverarbeitung sowie das Recht auf Daten\u00fcbertragbarkeit zu.<\/p>\n\n\n\n<p>Die Verarbeitung der Daten erfolgt auf Basis von gesetzlichen Regelungen. Nur in Ausnahmef\u00e4llen ben\u00f6tige ich Ihr Einverst\u00e4ndnis. In diesen F\u00e4llen haben Sie oder Ihr Kind das Recht, die Einwilligung f\u00fcr die zuk\u00fcnftige Verarbeitung zu widerrufen.<\/p>\n\n\n\n<p>Sie haben ferner das Recht, sich bei der zust\u00e4ndigen Aufsichtsbeh\u00f6rde f\u00fcr den Datenschutz zu beschweren, wenn Sie der Ansicht sind, dass die Verarbeitung Ihrer personenbezogenen Daten bzw. der Ihres Kindes nicht rechtm\u00e4\u00dfig erfolgt.<\/p>\n\n\n\n<p>Die Anschrift der zust\u00e4ndigen Aufsichtsbeh\u00f6rde lautet:<\/p>\n\n\n\n<p>Landesbeauftragte f\u00fcr Datenschutz und Informationsfreiheit Nordrhein-Westfalen<br>Kavalleriestr. 2 \u2013 4<br>40213 D\u00fcsseldorf<br>Telefon: 0211 38424-0<br>E-Mail: <a href=\"mailto:poststelle@ldi.nrw.de\">poststelle@ldi.nrw.de<\/a><\/p>\n\n\n\n<p><strong>Rechtliche Grundlagen<\/strong><\/p>\n\n\n\n<p>Rechtsgrundlage f\u00fcr die Verarbeitung Ihrer Daten ist Artikel 9 Absatz 2 lit. h) DSGVO in Verbindung mit Paragraf 22 Absatz 1 lit. b) Bundesdatenschutzgesetz.<\/p>\n\n\n\n<p>Sollten Sie Fragen haben, k\u00f6nnen Sie sich gerne an mich wenden.<\/p>\n\n\n\n<p>Solingen, 17.12.2024<\/p>\n\n\n\n<p>Ilse Fiedler<\/p>\n","protected":false},"excerpt":{"rendered":"<p>Der Schutz Ihrer personenbezogenen Daten bzw. der Ihres Kindes ist mir wichtig.Nach der EU-Datenschutz-Grundverordnung (DSGVO) vom 25.05.2018 bin ich verpflichtet, Sie dar\u00fcber zu informieren, zu welchem Zweck meine Praxis Daten erhebt, speichert oder weiterleitet. Der Information k\u00f6nnen Sie auch entnehmen, welche Rechte Sie in puncto Datenschutz haben. Zust\u00e4ndige Aufsichtsbeh\u00f6rde: Psychotherapeutenkammer NRWBerufsbezeichnung: Kinder- und Jugendlichenpsychotherapeutin (Deutschland)Berufsrechtliche &hellip; <\/p>\n<p class=\"link-more\"><a href=\"https:\/\/psychotherapeutin-ilse-fiedler.de\/index.php\/datenschutzerklaerung-3\/\" class=\"more-link\"><span class=\"screen-reader-text\">\u201eDatenschutzerkl\u00e4rung\u201c<\/span> weiterlesen<\/a><\/p>\n","protected":false},"author":1,"featured_media":0,"parent":0,"menu_order":0,"comment_status":"closed","ping_status":"closed","template":"","meta":{"footnotes":""},"class_list":["post-89","page","type-page","status-publish","hentry"],"_links":{"self":[{"href":"https:\/\/psychotherapeutin-ilse-fiedler.de\/index.php\/wp-json\/wp\/v2\/pages\/89","targetHints":{"allow":["GET"]}}],"collection":[{"href":"https:\/\/psychotherapeutin-ilse-fiedler.de\/index.php\/wp-json\/wp\/v2\/pages"}],"about":[{"href":"https:\/\/psychotherapeutin-ilse-fiedler.de\/index.php\/wp-json\/wp\/v2\/types\/page"}],"author":[{"embeddable":true,"href":"https:\/\/psychotherapeutin-ilse-fiedler.de\/index.php\/wp-json\/wp\/v2\/users\/1"}],"replies":[{"embeddable":true,"href":"https:\/\/psychotherapeutin-ilse-fiedler.de\/index.php\/wp-json\/wp\/v2\/comments?post=89"}],"version-history":[{"count":6,"href":"https:\/\/psychotherapeutin-ilse-fiedler.de\/index.php\/wp-json\/wp\/v2\/pages\/89\/revisions"}],"predecessor-version":[{"id":165,"href":"https:\/\/psychotherapeutin-ilse-fiedler.de\/index.php\/wp-json\/wp\/v2\/pages\/89\/revisions\/165"}],"wp:attachment":[{"href":"https:\/\/psychotherapeutin-ilse-fiedler.de\/index.php\/wp-json\/wp\/v2\/media?parent=89"}],"curies":[{"name":"wp","href":"https:\/\/api.w.org\/{rel}","templated":true}]}}